{"id":4051,"date":"2018-05-14T14:52:52","date_gmt":"2018-05-14T14:52:52","guid":{"rendered":"https:\/\/demo-content.kaliumtheme.com\/architecture\/?page_id=4051"},"modified":"2025-09-14T11:37:54","modified_gmt":"2025-09-14T10:37:54","slug":"home","status":"publish","type":"page","link":"https:\/\/perfectsmile.ch\/","title":{"rendered":"Home"},"content":{"rendered":"<div class=\"wpb-content-wrapper\"><p>[vc_row][vc_column][vc_single_image image=&#8220;5703&#8243; img_size=&#8220;full&#8220; css=&#8220;&#8220;][\/vc_column][\/vc_row][vc_row full_width=&#8220;stretch_row&#8220; full_height=&#8220;yes&#8220; content_placement=&#8220;middle&#8220;][vc_column][vc_column_text css=&#8220;&#8220;]<\/p>\n<h2>Ein Team \u2013 eine Philosophie<\/h2>\n<p>Unser Ziel ist, Ihnen als Patientin, Patient die bestm\u00f6gliche, individuell angepasste Behandlung zu bieten. Gemeinsam wollen wir eine funktionelle Verzahnung in Kombination mit einem \u00e4sthetischen Lachen erreichen. Das heisst qualitativ hoch stehende, effiziente Arbeit mit m\u00f6glichst kurzer Behandlungsdauer. Im Mittelpunkt stehen Sie als Patientin oder Patient. Wir h\u00f6ren zu, haben Zeit und informieren Sie umfassend. Das oberste Behandlungsprinzip ist das beste Resultat und Ihre Zufriedenheit.<\/p>\n<p><a href=\"https:\/\/perfectsmile.ch\/?page_id=5413\">Dr. med. dent. Franziska Ducommun,<\/a>\u00a0<a href=\"https:\/\/perfectsmile.ch\/?page_id=5556\">Dr. med. dent. Vera Enzler<\/a> und Dr. med. dent. Eva Henninger werden assistiert von Cornelia Ciervo, Ylenia Nucerito, Franziska St\u00e4mpfli und Rosmarie Suter (Dentalassistentinnen), Sarah Schlup und Christine Quennoz (Prophylaxeassistentinnen).<\/p>\n<p>Das ganze Team k\u00fcmmert sich auch um die Verwaltung, Terminvergabe und die Praxis-Organisation. Raumpflegerin ist Andrea Bejarano.[\/vc_column_text][lab_team_members layout_type=&#8220;titles-inside&#8220; reveal_effect=&#8220;none&#8220; img_size=&#8220;250X250&#8243;][lab_team_members_member image=&#8220;5709&#8243; name=&#8220;Dr. med. dent. Franziska Ducommun&#8220; link=&#8220;url:https%3A%2F%2Fperfectsmile.ch%2F%3Fpage_id%3D5413|title:franziskaducommungugger||&#8220;][lab_team_members_member image=&#8220;5714&#8243; name=&#8220;Dr. med. dent. Vera Enzler&#8220; link=&#8220;url:https%3A%2F%2Fperfectsmile.ch%2F%3Fpage_id%3D5556|title:veraenzler&#8220;][lab_team_members_member image=&#8220;5710&#8243; name=&#8220;Dr. med. dent. Eva Henninger&#8220;][lab_team_members_member image=&#8220;5713&#8243; name=&#8220;PA Sarah Schlup&#8220;][lab_team_members_member image=&#8220;5707&#8243; name=&#8220;PA Christine Quennoz&#8220;][lab_team_members_member image=&#8220;5708&#8243; name=&#8220;DA Cornelia Ciervo&#8220;][lab_team_members_member image=&#8220;5715&#8243; name=&#8220;DA Ylenia Nucerito&#8220;][lab_team_members_member image=&#8220;5711&#8243; name=&#8220;DA Franziska St\u00e4mpfli&#8220;][lab_team_members_member image=&#8220;5712&#8243; name=&#8220;DA Rosmarie Suter&#8220;][\/lab_team_members][\/vc_column][\/vc_row][vc_row full_width=&#8220;stretch_row&#8220; equal_height=&#8220;yes&#8220; el_class=&#8220;menu-behandlung-id&#8220;][vc_column width=&#8220;2\/3&#8243; css=&#8220;.vc_custom_1578934103048{margin-bottom: 15px !important;background-color: #ffd4b7 !important;}&#8220; el_id=&#8220;menu-behandlung-id&#8220;][vc_column_text]<\/p>\n<h2><strong>Die Behandlung<\/strong><\/h2>\n<p>Zu Beginn einer jeden Behandlung sind Beratung und Planung das A und O. In drei Schritten legen wir fest, ob und welche Behandlung notwendig ist. Wir bestimmen den Beginn, die Dauer und das Ziel der Behandlung und berechnen die Kosten. Kinder und Jugendlichen m\u00fcssen f\u00fcr die Beratungsgespr\u00e4che von einem Elternteil begleitet werden.<\/p>\n<h2 style=\"text-align: left;\"><a href=\"https:\/\/perfectsmile.ch\/?page_id=5172\">weiterlesen \u2192<\/a><\/h2>\n<p>[\/vc_column_text][\/vc_column][vc_column width=&#8220;1\/3&#8243; css=&#8220;.vc_custom_1578934348786{margin-bottom: 15px !important;background-color: #757575 !important;}&#8220;][vc_column_text]<\/p>\n<h2><a href=\"https:\/\/perfectsmile.ch\/?page_id=5019\">FAQ\u00a0\u2192<\/a><\/h2>\n<h2><a href=\"https:\/\/perfectsmile.ch\/?page_id=5061\">Kosten\u00a0\u2192<\/a><\/h2>\n<h2><a href=\"https:\/\/perfectsmile.ch\/?page_id=5057\">Zahnpflege\u00a0\u2192<\/a><\/h2>\n<h2><a href=\"https:\/\/perfectsmile.ch\/wp-content\/uploads\/2019\/01\/lageplan.pdf\" target=\"_blank\" rel=\"noopener noreferrer\">Lageplan.pdf \u2192<\/a><\/h2>\n<h2><\/h2>\n<p>[\/vc_column_text][\/vc_column][\/vc_row][vc_row full_width=&#8220;stretch_row&#8220; el_id=&#8220;menu-kontakt-id&#8220; css=&#8220;.vc_custom_1548869051156{border: 10px initial !important;}&#8220;][vc_column][vc_gmaps link=&#8220;#E-8_JTNDaWZyYW1lJTIwc3JjJTNEJTIyaHR0cHMlM0ElMkYlMkZ3d3cuZ29vZ2xlLmNvbSUyRm1hcHMlMkZlbWJlZCUzRnBiJTNEJTIxMW0xNyUyMTFtMTElMjExbTMlMjExZDE0MTkuNTU2MTAxOTgyNDk5NyUyMTJkNy4zOTUwMTA3NjUyMDE4NzclMjEzZDQ3LjE5MjM3ODYyODc0NDU0JTIxMm0yJTIxMWYwJTIxMmYwJTIxM20yJTIxMWkxMDI0JTIxMmk3NjglMjE0ZjEzLjElMjEzbTMlMjExbTIlMjExczB4NDc4ZTIwOGM5MzQ5MWIzYiUyNTNBMHg2YzFhZGJlY2JhNWMzZWI5JTIxMnNLaXJjaHN0cmFzc2UlMkIxJTI1MkMlMkIyNTQwJTJCR3JlbmNoZW4lMjE1ZTElMjEzbTIlMjExc2RlJTIxMnNjaCUyMTR2MTU0ODI1NTc0Mzc1OCUyMiUyMHdpZHRoJTNEJTIyNjAwJTIyJTIwaGVpZ2h0JTNEJTIyNDUwJTIyJTIwZnJhbWVib3JkZXIlM0QlMjIwJTIyJTIwc3R5bGUlM0QlMjJib3JkZXIlM0EwJTIyJTIwYWxsb3dmdWxsc2NyZWVuJTNFJTNDJTJGaWZyYW1lJTNF&#8220;][\/vc_column][\/vc_row][vc_row el_class=&#8220;menu-behandlung-id&#8220;][vc_column width=&#8220;1\/2&#8243; el_id=&#8220;kontakt-id&#8220;][vc_column_text]<\/p>\n<h2>perfectsmile<\/h2>\n<p>[\/vc_column_text][\/vc_column][vc_column width=&#8220;1\/2&#8243;][vc_column_text]Praxis f\u00fcr Kieferorthop\u00e4die<br \/>\nDr. med. dent. Regula Schmuckli &amp; Team<br \/>\nKirchstrasse 1<br \/>\n2540 Grenchen[\/vc_column_text][\/vc_column][\/vc_row][vc_row][vc_column][vc_column_text]<\/p>\n<h2>Telefon\u00a0032 652 98 48<\/h2>\n<p>[\/vc_column_text][vc_column_text]<\/p>\n<h2>E-Mail\u00a0<a href=\"mailto:praxis@perfectsmile.ch\">praxis(at)perfectsmile.ch<\/a><\/h2>\n<p>[\/vc_column_text][\/vc_column][\/vc_row][vc_row][vc_column width=&#8220;1\/2&#8243;][vc_column_text]<\/p>\n<h2>Sprechzeiten<\/h2>\n<p>[\/vc_column_text][\/vc_column][vc_column width=&#8220;1\/2&#8243;][vc_column_text]Montag bis Donnerstag<br \/>\n8.00 bis 11.45 Uhr<br \/>\n13.00 bis 16.45 Uhr<\/p>\n<p>Freitag<br \/>\n8.00 \u00a0bis 15.00 Uhr[\/vc_column_text][\/vc_column][\/vc_row][vc_row][vc_column width=&#8220;1\/2&#8243;][vc_column_text]<\/p>\n<h2>unsere Praxis<\/h2>\n<p>[\/vc_column_text][\/vc_column][vc_column width=&#8220;1\/2&#8243;][vc_gallery type=&#8220;flexslider_slide&#8220; interval=&#8220;5&#8243; images=&#8220;5249,5250,5154,5153,5152,5151,5149&#8243; img_size=&#8220;medium&#8220; onclick=&#8220;&#8220;][\/vc_column][\/vc_row][vc_row][vc_column][vc_column_text]<\/p>\n<h2><a href=\"https:\/\/perfectsmile.ch\/?page_id=4803\">Impressum<\/a><\/h2>\n<p>[\/vc_column_text][vc_column_text]<\/p>\n<h2><a href=\"https:\/\/perfectsmile.ch\/?page_id=4796\">Datenschutz<\/a><\/h2>\n<p>[\/vc_column_text][\/vc_column][\/vc_row]<\/p>\n<\/div>","protected":false},"excerpt":{"rendered":"<p>[vc_row][vc_column][vc_single_image image=&#8220;5703&#8243; img_size=&#8220;full&#8220; css=&#8220;&#8220;][\/vc_column][\/vc_row][vc_row full_width=&#8220;stretch_row&#8220; full_height=&#8220;yes&#8220; content_placement=&#8220;middle&#8220;][vc_column][vc_column_text css=&#8220;&#8220;] Ein Team \u2013 eine Philosophie Unser Ziel ist, Ihnen als Patientin, Patient die bestm\u00f6gliche, individuell angepasste Behandlung zu bieten. Gemeinsam wollen wir eine funktionelle Verzahnung in Kombination mit einem \u00e4sthetischen Lachen erreichen. Das heisst qualitativ hoch stehende, effiziente Arbeit mit m\u00f6glichst kurzer Behandlungsdauer. Im Mittelpunkt stehen Sie&hellip;<\/p>\n","protected":false},"author":1,"featured_media":0,"parent":0,"menu_order":0,"comment_status":"closed","ping_status":"closed","template":"","meta":{"_acf_changed":false,"footnotes":""},"class_list":["post-4051","page","type-page","status-publish","hentry"],"acf":[],"_links":{"self":[{"href":"https:\/\/perfectsmile.ch\/index.php?rest_route=\/wp\/v2\/pages\/4051","targetHints":{"allow":["GET"]}}],"collection":[{"href":"https:\/\/perfectsmile.ch\/index.php?rest_route=\/wp\/v2\/pages"}],"about":[{"href":"https:\/\/perfectsmile.ch\/index.php?rest_route=\/wp\/v2\/types\/page"}],"author":[{"embeddable":true,"href":"https:\/\/perfectsmile.ch\/index.php?rest_route=\/wp\/v2\/users\/1"}],"replies":[{"embeddable":true,"href":"https:\/\/perfectsmile.ch\/index.php?rest_route=%2Fwp%2Fv2%2Fcomments&post=4051"}],"version-history":[{"count":509,"href":"https:\/\/perfectsmile.ch\/index.php?rest_route=\/wp\/v2\/pages\/4051\/revisions"}],"predecessor-version":[{"id":5717,"href":"https:\/\/perfectsmile.ch\/index.php?rest_route=\/wp\/v2\/pages\/4051\/revisions\/5717"}],"wp:attachment":[{"href":"https:\/\/perfectsmile.ch\/index.php?rest_route=%2Fwp%2Fv2%2Fmedia&parent=4051"}],"curies":[{"name":"wp","href":"https:\/\/api.w.org\/{rel}","templated":true}]}}