{"id":5019,"date":"2019-01-23T16:57:16","date_gmt":"2019-01-23T15:57:16","guid":{"rendered":"https:\/\/perfectsmile.ch\/?page_id=5019"},"modified":"2019-01-24T20:37:28","modified_gmt":"2019-01-24T19:37:28","slug":"faq","status":"publish","type":"page","link":"https:\/\/perfectsmile.ch\/?page_id=5019","title":{"rendered":"FAQ"},"content":{"rendered":"<div class=\"wpb-content-wrapper\"><p>[vc_row][vc_column width=&#8220;2\/3&#8243;][vc_column_text]<\/p>\r\n<h2 class=\"wp-block-heading\"><strong>FAQ<\/strong><\/h2>\r\n\r\n<p>\u00a0Die\u00a0h\u00e4ufigsten\u00a0Fragen und Antworten.<\/p>\r\n\r\n\r\n\r\n<h2 class=\"wp-block-heading\">Was versteht man unter Kieferorthop\u00e4die \/ Orthodontie?<\/h2>\r\n\r\n<p>Die beiden Begriffe bedeuten in etwa dasselbe und sind Teilgebiete der Zahnheilkunde.<\/p>\r\n\r\n<p>Kieferorthop\u00e4die befasst sich mit der Vorbeugung (Prophylaxe), Diagnose und Therapie von Zahn- und Kieferfehlstellungen sowie der Korrektur der Lagebeziehung von Ober- und Unterkiefer.<\/p>\r\n\r\n<p>Orthodontie befasst sich mit dem korrekten Ausrichten der Z\u00e4hne im Zahnbogen.<\/p>\r\n\r\n\r\n\r\n<h2 class=\"wp-block-heading\">Wer ist ein Spezialist \u00abKieferorthop\u00e4de SSO\u00bb?<\/h2>\r\n\r\n<p>Die Schweizerische Zahn\u00e4rzte-Gesellschaft SSO ist die legitime Vertreterin der schweizerischen Zahn\u00e4rzteschaft<\/p>\r\n\r\n<p>\u00abKieferorthop\u00e4den SSO\u00bb sind Zahn\u00e4rzte mit einer zus\u00e4tzlichen 4-j\u00e4hrigen Ausbildung. Diese umfasst drei Lehrejahre in Kieferorthop\u00e4die an einer schweizerischen Universit\u00e4tsklinik und ein Jahr in einem anderen zahn\u00e4rztlichen Gebiet oder in einer Privatpraxis. Sie wird mit einer kieferortho- p\u00e4dischen Pr\u00fcfung abgeschlossen.<\/p>\r\n\r\n<p>Mehr Informationen zum Titel \u00abKieferorthop\u00e4de SSO\u00bb unter <a href=\"http:\/\/www.sso.ch\">www.sso.ch<\/a><\/p>\r\n\r\n\r\n\r\n<h2 class=\"wp-block-heading\">Wann ist eine kieferorthop\u00e4dische Behandlung sinnvoll oder notwendig?<\/h2>\r\n\r\n<p>Eine gute, korrekte Einstellung von Z\u00e4hnen, Zahnb\u00f6gen und Kiefer zueinander ist wichtig f\u00fcr:<\/p>\r\n\r\n\r\n\r\n<ul class=\"wp-block-list\">\r\n<li>Sie gut kauen und somit gut verdauen k\u00f6nnen.<\/li>\r\n<li>Parodontale Sch\u00e4den m\u00f6glichst gar nicht erst entstehen.<\/li>\r\n<li>Kiefergelenksst\u00f6rungen behoben werden k\u00f6nnen.<\/li>\r\n<li>Das \u00e4sthetische Erscheinungsbild der Z\u00e4hne verbessert wird, um so ein harmonisches Aussehen und ein sch\u00f6nes Lachen zu erm\u00f6glichen.<\/li>\r\n<li>Zahnunf\u00e4lle m\u00f6glicherweise verhindert werden k\u00f6nnen.<\/li>\r\n<\/ul>\r\n\r\n\r\n\r\n<h2 class=\"wp-block-heading\">Wann soll mit der Behandlung begonnen werden?<\/h2>\r\n\r\n<p>Diese Frage muss die Kieferorthop\u00e4din bzw. der Kieferorthop\u00e4de individuell abkl\u00e4ren. Der Zeitpunkt f\u00fcr einen Behandlungsbeginn h\u00e4ngt von dem zu behandelnden Problem ab. Vereinbaren Sie lieber fr\u00fchzeitig eine erste kieferorthop\u00e4dische Abkl\u00e4rung.<\/p>\r\n\r\n<p>Auf Grund der Wachstumsentwicklung sollte eine erste Kontrolle bei M\u00e4dchen zwischen 7 \u2013 10 Jahren, bei Jungen zwischen 8 \u2013 11 Jahren durch- gef\u00fchrt werden.<br \/><\/p>\r\n\r\n<h2 class=\"wp-block-heading\">Gibt es eine Altersgrenze f\u00fcr eine kieferortho\u00ad p\u00e4dische Behandlung?<\/h2>\r\n\r\n<p>Eine Behandlung ist in jedem Alter m\u00f6glich. Bei Erwachsenen k\u00f6nnen kombinierte Behandlungen n\u00f6tig sein. Oft sind dann, je nach Problemstellung, kieferorthop\u00e4dische und chirurgische, eventuell auch parodontale oder prothetische Massnahmen notwendig.<\/p>\r\n\r\n\r\n\r\n<h2 class=\"wp-block-heading\">Wie lange dauert eine kieferorthop\u00e4dische Behandlung?<\/h2>\r\n\r\n<p>Die Dauer h\u00e4ngt von der Problematik und der Aus- gepr\u00e4gtheit der Fehlstellung ab. Im Allgemeinen kann eine Behandlung in 2 \u2013 3 Jahren durchgef\u00fchrt werden. Es gibt aber auch k\u00fcrzer oder l\u00e4nger dauernde Behandlungen. Entscheidend ist immer auch die Mitarbeit der Patienten.<\/p>\r\n\r\n\r\n\r\n<h2 class=\"wp-block-heading\">Ist eine kieferorthop\u00e4dische Behandlung schmerzhaft?<\/h2>\r\n\r\n<p>Zu Beginn einer Behandlung reagieren die Z\u00e4hne meist empfindlicher. Diese Schmerzempfindung l\u00e4sst nach 3 \u2013 5 Tagen sofort nach.<\/p>\r\n\r\n\r\n\r\n<h2 class=\"wp-block-heading\">Gibt es ein Risiko bei der kieferorthop\u00e4dischen Behandlung?<\/h2>\r\n\r\n<p>Es kann eine \u00dcberempfindlichkeit der Z\u00e4hne geben, welche aber nach ein paar Tagen wieder verschwindet. Ebenso kann eine vor\u00fcbergehend erh\u00f6hte Zahnbeweglichkeit auftreten. Wurzelresorptionen sind selten, aber m\u00f6glich. Bei ungen\u00fcgender Mundhygiene und nicht Einhalten einer zuckerarmen Ern\u00e4hrung kann es zu Entkalkungen und Karies der Z\u00e4hne kommen.<\/p>\r\n\r\n\r\n\r\n<h2 class=\"wp-block-heading\">Was bedeutet \u00abZahnarzt\u00adTarif\u00bb?<\/h2>\r\n\r\n<p>Am 1. Januar 2018 wurde der revidierte Zahnarzttarif Dentotar eingef\u00fchrt. Er entspricht einem Taxpunktwert von 1.<\/p>\r\n\r\n\r\n\r\n<h2 class=\"wp-block-heading\">Wer bezahlt die kieferorthop\u00e4dische Behandlung?<\/h2>\r\n\r\n<p>In der Regel die Eltern oder der Patient selber.<\/p>\r\n\r\n<p>Wer eine Zusatzversicherung f\u00fcr kieferorthop\u00e4dische Massnahmen abgeschlossen hat, bekommt einen Teil der Kosten von der Krankenkasse zur\u00fcckerstattet. In Grenchen und Bettlach und bei gewissen ausgepr\u00e4gten Problemen zahlt die Schulgemeinde einen Beitrag an die kieferorthop\u00e4dische Behandlung.<\/p>\r\n\r\n<p>Bei sehr schweren Kieferanomalien bezahlt die Invalidenversicherung, sofern gewisse Kriterien erf\u00fcllt sind (dies erfordert eine Abkl\u00e4rung durch einen Kieferorthop\u00e4den).<\/p>\r\n\r\n\r\n\r\n<h2 class=\"wp-block-heading\">Kann eine kieferorthop\u00e4dische Behandlung vermieden werden?<\/h2>\r\n\r\n<p>In manchen F\u00e4llen schon: Karies oder durch Karies vorzeitig bedingter Milchzahnverlust verursachen Platzmangel f\u00fcr die bleibenden Z\u00e4hne. Jahrelanges Daumenlutschen verformt die Zahnb\u00f6gen und Kiefer. Kieferorthop\u00e4dische Probleme k\u00f6nnen aber auch zum Teil genetisch oder durch ung\u00fcnstiges Wachstum und ung\u00fcnstige Entwicklung entstehen.<\/p>\r\n\r\n\r\n\r\n<h2 class=\"wp-block-heading\">Warum lassen sich heute mehr Patienten kieferorthop\u00e4disch behandeln?<\/h2>\r\n\r\n<p>Ein ansprechendes, strahlendes und sch\u00f6nes Lachen findet immer mehr Beachtung.<\/p>\r\n\r\n<p>Und: Ein gesundes, gepflegtes Gebiss mit guter Kaufunktion ist sehr wertvoll.<\/p>\r\n\r\n<p>Heute sind die Behandlungsm\u00f6glichkeiten vielseitig. Es k\u00f6nnen sogar, insbesondere bei Erwachsenen, \u00abunsichtbare Behandlungen\u00bb angeboten werden.<\/p>\r\n<p>&nbsp;<\/p>\r\n\r\n\r\n\r\n\r\n\r\n<h2 class=\"wp-block-heading\"><a href=\"https:\/\/perfectsmile.ch\/\">\u2190 zur\u00fcck<\/a><\/h2>\r\n<p>[\/vc_column_text][\/vc_column][vc_column width=&#8220;1\/3&#8243;][\/vc_column][\/vc_row]<\/p><\/div>","protected":false},"excerpt":{"rendered":"<p>[vc_row][vc_column width=&#8220;2\/3&#8243;][vc_column_text] FAQ \u00a0Die\u00a0h\u00e4ufigsten\u00a0Fragen und Antworten. Was versteht man unter Kieferorthop\u00e4die \/ Orthodontie? Die beiden Begriffe bedeuten in etwa dasselbe und sind Teilgebiete der Zahnheilkunde. Kieferorthop\u00e4die befasst sich mit der Vorbeugung (Prophylaxe), Diagnose und Therapie von Zahn- und Kieferfehlstellungen sowie der Korrektur der Lagebeziehung von Ober- und Unterkiefer. Orthodontie befasst sich mit dem korrekten Ausrichten&hellip;<\/p>\n","protected":false},"author":1,"featured_media":0,"parent":4051,"menu_order":0,"comment_status":"closed","ping_status":"closed","template":"","meta":{"_acf_changed":false,"footnotes":""},"class_list":["post-5019","page","type-page","status-publish","hentry"],"acf":[],"_links":{"self":[{"href":"https:\/\/perfectsmile.ch\/index.php?rest_route=\/wp\/v2\/pages\/5019","targetHints":{"allow":["GET"]}}],"collection":[{"href":"https:\/\/perfectsmile.ch\/index.php?rest_route=\/wp\/v2\/pages"}],"about":[{"href":"https:\/\/perfectsmile.ch\/index.php?rest_route=\/wp\/v2\/types\/page"}],"author":[{"embeddable":true,"href":"https:\/\/perfectsmile.ch\/index.php?rest_route=\/wp\/v2\/users\/1"}],"replies":[{"embeddable":true,"href":"https:\/\/perfectsmile.ch\/index.php?rest_route=%2Fwp%2Fv2%2Fcomments&post=5019"}],"version-history":[{"count":19,"href":"https:\/\/perfectsmile.ch\/index.php?rest_route=\/wp\/v2\/pages\/5019\/revisions"}],"predecessor-version":[{"id":5245,"href":"https:\/\/perfectsmile.ch\/index.php?rest_route=\/wp\/v2\/pages\/5019\/revisions\/5245"}],"up":[{"embeddable":true,"href":"https:\/\/perfectsmile.ch\/index.php?rest_route=\/wp\/v2\/pages\/4051"}],"wp:attachment":[{"href":"https:\/\/perfectsmile.ch\/index.php?rest_route=%2Fwp%2Fv2%2Fmedia&parent=5019"}],"curies":[{"name":"wp","href":"https:\/\/api.w.org\/{rel}","templated":true}]}}