{"id":5057,"date":"2019-01-23T18:18:35","date_gmt":"2019-01-23T17:18:35","guid":{"rendered":"https:\/\/perfectsmile.ch\/?page_id=5057"},"modified":"2021-03-26T13:10:43","modified_gmt":"2021-03-26T12:10:43","slug":"zahnpflege","status":"publish","type":"page","link":"https:\/\/perfectsmile.ch\/?page_id=5057","title":{"rendered":"Zahnpflege"},"content":{"rendered":"<div class=\"wpb-content-wrapper\"><p>[vc_row][vc_column width=&#8220;2\/3&#8243;][vc_column_text]<\/p>\r\n<h2 class=\"wp-block-heading\">Zahnpflege<\/h2>\r\n\r\n<p>Ist die Mundhygiene gut, bleiben die Z\u00e4hne gesund. Wer seine Z\u00e4hne pflegt, kann damit alt werden und auf die \u00abDritten\u00bb verzichten.<\/p>\r\n\r\n<p>Viele Kinder haben heute defekte Z\u00e4hne. Das liegt zum einen an der zuckerreichen Ern\u00e4hrung, zum anderen an der schlechten Pflege. Eine fr\u00fche und regelm\u00e4ssige Pflege der Milch- und sp\u00e4ter der\u00a0bleibenden Z\u00e4hne ist von entscheidender Bedeutung.<\/p>\r\n\r\n<p>Eltern brauchen viel Kreativit\u00e4t, um den Kleinen das Z\u00e4hneputzen schmackhaft zu machen. Wir unterst\u00fctzen Sie und die Kinder gern darin.<\/p>\r\n\r\n\r\n\r\n<ul class=\"wp-block-list\">\r\n<li>Zahnbelag (Plaque) verursacht Karies und Zahnfleischentz\u00fcndungen.<\/li>\r\n<li>Die Apparaturen sind zus\u00e4tzliche Schmutzf\u00e4nger und beg\u00fcnstigen die Bildung von Bel\u00e4gen.<\/li>\r\n<li>Zuckerhaltige Nahrung und Getr\u00e4nke vermehren den Bakterienbelag und das Kariesrisiko.<\/li>\r\n<li>Bei ungen\u00fcgender Mundhygiene ist das Tragen von Apparaturen nicht zu verantworten und die Behandlung muss abgebrochen werden.<\/li>\r\n<li>Z\u00e4hne und Apparate m\u00fcssen t\u00e4glich richtig gereinigt werden. Fluorhaltige Zahnpasten nach dem Z\u00e4hneputzen nur ausspucken und nicht mit Wasser nachsp\u00fclen! Wer eine festsitzende Apparatur tr\u00e4gt, sp\u00fclt t\u00e4glich mit einer Fluorl\u00f6sung.<\/li>\r\n<li>Zus\u00e4tzliche Zahnreinigungen, Fluoridierungen und Zahnputzinstruktionen wegen ungen\u00fcgender Mundhygiene, verrechen wir.<\/li>\r\n<li>Bei Behandlungen, die unter die Invalidenversicherung fallen, m\u00fcssen die Prophylaxemassnahmen privat in Rechnung gestellt werden.<\/li>\r\n<li>Wir \u00fcben mit Ihnen die speziellen Putztechniken f\u00fcr festsitzende oder herausnehmbare Apparaturen.<\/li>\r\n<\/ul>\r\n<p>&nbsp;<\/p>\r\n\r\n\r\n\r\n<h2 class=\"wp-block-heading\"><a href=\"https:\/\/perfectsmile.ch\/\">\u2190 zur\u00fcck<\/a><\/h2>\r\n<p>[\/vc_column_text][\/vc_column][vc_column width=&#8220;1\/3&#8243;][\/vc_column][\/vc_row]<\/p><\/div>","protected":false},"excerpt":{"rendered":"<p>[vc_row][vc_column width=&#8220;2\/3&#8243;][vc_column_text] Zahnpflege Ist die Mundhygiene gut, bleiben die Z\u00e4hne gesund. Wer seine Z\u00e4hne pflegt, kann damit alt werden und auf die \u00abDritten\u00bb verzichten. Viele Kinder haben heute defekte Z\u00e4hne. Das liegt zum einen an der zuckerreichen Ern\u00e4hrung, zum anderen an der schlechten Pflege. Eine fr\u00fche und regelm\u00e4ssige Pflege der Milch- und sp\u00e4ter der\u00a0bleibenden Z\u00e4hne&hellip;<\/p>\n","protected":false},"author":1,"featured_media":0,"parent":4051,"menu_order":0,"comment_status":"closed","ping_status":"closed","template":"","meta":{"_acf_changed":false,"footnotes":""},"class_list":["post-5057","page","type-page","status-publish","hentry"],"acf":[],"_links":{"self":[{"href":"https:\/\/perfectsmile.ch\/index.php?rest_route=\/wp\/v2\/pages\/5057","targetHints":{"allow":["GET"]}}],"collection":[{"href":"https:\/\/perfectsmile.ch\/index.php?rest_route=\/wp\/v2\/pages"}],"about":[{"href":"https:\/\/perfectsmile.ch\/index.php?rest_route=\/wp\/v2\/types\/page"}],"author":[{"embeddable":true,"href":"https:\/\/perfectsmile.ch\/index.php?rest_route=\/wp\/v2\/users\/1"}],"replies":[{"embeddable":true,"href":"https:\/\/perfectsmile.ch\/index.php?rest_route=%2Fwp%2Fv2%2Fcomments&post=5057"}],"version-history":[{"count":6,"href":"https:\/\/perfectsmile.ch\/index.php?rest_route=\/wp\/v2\/pages\/5057\/revisions"}],"predecessor-version":[{"id":5549,"href":"https:\/\/perfectsmile.ch\/index.php?rest_route=\/wp\/v2\/pages\/5057\/revisions\/5549"}],"up":[{"embeddable":true,"href":"https:\/\/perfectsmile.ch\/index.php?rest_route=\/wp\/v2\/pages\/4051"}],"wp:attachment":[{"href":"https:\/\/perfectsmile.ch\/index.php?rest_route=%2Fwp%2Fv2%2Fmedia&parent=5057"}],"curies":[{"name":"wp","href":"https:\/\/api.w.org\/{rel}","templated":true}]}}