{"id":5061,"date":"2019-01-23T18:24:47","date_gmt":"2019-01-23T17:24:47","guid":{"rendered":"https:\/\/perfectsmile.ch\/?page_id=5061"},"modified":"2019-01-26T09:59:04","modified_gmt":"2019-01-26T08:59:04","slug":"kosten","status":"publish","type":"page","link":"https:\/\/perfectsmile.ch\/?page_id=5061","title":{"rendered":"Kosten"},"content":{"rendered":"<div class=\"wpb-content-wrapper\"><p>[vc_row][vc_column width=&#8220;2\/3&#8243;][vc_column_text]<\/p>\r\n<h2 class=\"wp-block-heading\">Kosten<\/h2>\r\n<p>\r\n\r\nWir verweisen Sie f\u00fcr Informationen zu Kosten und Taxen gerne direkt auf die <a href=\"http:\/\/www.sso.ch\">Website der SSO<\/a>. Das ist die Berufs- und Standesorganisation der in der Schweiz t\u00e4tigen Zahn\u00e4rztinnen und Zahn\u00e4rzte sowie die allgemeine wissenschaftliche Gesellschaft f\u00fcr Zahnmedizin.<\/p>\r\n\r\n<p>&nbsp;<\/p>\r\n\r\n<h2 class=\"wp-block-heading\">Zahnarzt-Tarif<\/h2>\r\n<p>\r\n\r\nDer Zahnarzt-Tarif umfasst \u00fcber 500 Einzelleistungen. Am 1. Januar 2018 wurde der revidierte Zahnarzttarif Dentotar eingef\u00fchrt. Er entspricht dem Taxpunktwert = 1.<\/p>\r\n\r\n<p>&nbsp;<\/p>\r\n\r\n<h2 class=\"wp-block-heading\">Wer bezahlt die kieferorthop\u00e4dische Behandlung?<\/h2>\r\n<p>\r\n\r\nIn der Regel die Eltern oder der Patient selber.<\/p>\r\n<p>\r\n\r\nWer eine Zusatzversicherung f\u00fcr kieferorthop\u00e4dische Massnahmen abgeschlossen hat, bekommt einen Teil der Kosten von der Krankenkasse zur\u00fcckerstattet. Bei gewissen ausgepr\u00e4gten Problemen zahlt in Bettlach die Schulgemeinde einen Beitrag an die kieferorthop\u00e4dische Behandlung.\u00a0<\/p>\r\n<p>\r\n\r\nBei sehr schweren Kieferanomalien bezahlt die Invalidenversicherung, sofern gewisse Kriterien erf\u00fcllt sind (dies erfordert eine Abkl\u00e4rung durch einen Kieferorthop\u00e4den).<\/p>\r\n\r\n<p>&nbsp;<\/p>\r\n\r\n<h2 class=\"wp-block-heading\" id=\"mce_19\"><a href=\"https:\/\/perfectsmile.ch\/\">\u2190 zur\u00fcck<\/a><\/h2>\r\n<p>[\/vc_column_text][\/vc_column][vc_column width=&#8220;1\/3&#8243;][\/vc_column][\/vc_row]<\/p><\/div>","protected":false},"excerpt":{"rendered":"<p>[vc_row][vc_column width=&#8220;2\/3&#8243;][vc_column_text] Kosten Wir verweisen Sie f\u00fcr Informationen zu Kosten und Taxen gerne direkt auf die Website der SSO. Das ist die Berufs- und Standesorganisation der in der Schweiz t\u00e4tigen Zahn\u00e4rztinnen und Zahn\u00e4rzte sowie die allgemeine wissenschaftliche Gesellschaft f\u00fcr Zahnmedizin. &nbsp; Zahnarzt-Tarif Der Zahnarzt-Tarif umfasst \u00fcber 500 Einzelleistungen. Am 1. Januar 2018 wurde der revidierte&hellip;<\/p>\n","protected":false},"author":1,"featured_media":0,"parent":4051,"menu_order":0,"comment_status":"closed","ping_status":"closed","template":"","meta":{"_acf_changed":false,"footnotes":""},"class_list":["post-5061","page","type-page","status-publish","hentry"],"acf":[],"_links":{"self":[{"href":"https:\/\/perfectsmile.ch\/index.php?rest_route=\/wp\/v2\/pages\/5061","targetHints":{"allow":["GET"]}}],"collection":[{"href":"https:\/\/perfectsmile.ch\/index.php?rest_route=\/wp\/v2\/pages"}],"about":[{"href":"https:\/\/perfectsmile.ch\/index.php?rest_route=\/wp\/v2\/types\/page"}],"author":[{"embeddable":true,"href":"https:\/\/perfectsmile.ch\/index.php?rest_route=\/wp\/v2\/users\/1"}],"replies":[{"embeddable":true,"href":"https:\/\/perfectsmile.ch\/index.php?rest_route=%2Fwp%2Fv2%2Fcomments&post=5061"}],"version-history":[{"count":11,"href":"https:\/\/perfectsmile.ch\/index.php?rest_route=\/wp\/v2\/pages\/5061\/revisions"}],"predecessor-version":[{"id":5318,"href":"https:\/\/perfectsmile.ch\/index.php?rest_route=\/wp\/v2\/pages\/5061\/revisions\/5318"}],"up":[{"embeddable":true,"href":"https:\/\/perfectsmile.ch\/index.php?rest_route=\/wp\/v2\/pages\/4051"}],"wp:attachment":[{"href":"https:\/\/perfectsmile.ch\/index.php?rest_route=%2Fwp%2Fv2%2Fmedia&parent=5061"}],"curies":[{"name":"wp","href":"https:\/\/api.w.org\/{rel}","templated":true}]}}