{"id":5180,"date":"2019-01-24T17:20:19","date_gmt":"2019-01-24T16:20:19","guid":{"rendered":"https:\/\/perfectsmile.ch\/?page_id=5180"},"modified":"2019-01-30T13:44:44","modified_gmt":"2019-01-30T12:44:44","slug":"das1mal1","status":"publish","type":"page","link":"https:\/\/perfectsmile.ch\/?page_id=5180","title":{"rendered":"Das 1 x 1 der Kieferorthop\u00e4die"},"content":{"rendered":"<div class=\"wpb-content-wrapper\"><p>[vc_row][vc_column width=&#8220;2\/3&#8243;][vc_column_text]<\/p>\r\n<h2 class=\"wp-block-heading\">Das 1 x 1 der Kieferorthop\u00e4die<\/h2>\r\n<p>\r\n\r\nKieferorthop\u00e4die ist ein Teilgebiet der Zahnheilkunde, das sich mit der Behandlung von Gebiss- und Kieferfehlstellungen befasst. Kieferorthop\u00e4die heisst also Vorbeugung, Diagnostik und Therapie von Zahn- und Kieferfehlstellungen. Zahnfehlstellungen und Kiefergelenksprobleme k\u00f6nnen in jedem Alter behandelt werden.<\/p>\r\n<p>\r\n\r\nDie Z\u00e4hne werden im Zahnbogen korrekt eingestellt und die Lagebeziehung der beiden Zahnb\u00f6gen und Kiefer so angepasst, dass:<\/p>\r\n\r\n<p>&nbsp;<\/p>\r\n\r\n<ul class=\"wp-block-list\">\r\n<li>Sie gut kauen und somit gut verdauen k\u00f6nnen.<\/li>\r\n<li>Parodontale Sch\u00e4den m\u00f6glichst gar nicht erst entstehen.<\/li>\r\n<li>Kiefergelenksst\u00f6rungen behoben werden k\u00f6nnen.<\/li>\r\n<li>Das \u00e4sthetische Erscheinungsbild der Z\u00e4hne verbessert wird, um so ein harmonisches Aussehen und ein sch\u00f6nes Lachen zu erm\u00f6glichen.<\/li>\r\n<li>Zahnunf\u00e4lle m\u00f6glicherweise verhindert werden k\u00f6nnen.<\/li>\r\n<\/ul>\r\n<p>&nbsp;<\/p>\r\n<h2><a href=\"https:\/\/perfectsmile.ch\/?page_id=5188\">Kinder und Jugendliche\u00a0\u2192<\/a><\/h2>\r\n<p>[\/vc_column_text][\/vc_column][vc_column width=&#8220;1\/3&#8243;][\/vc_column][\/vc_row]<\/p><\/div>","protected":false},"excerpt":{"rendered":"<p>[vc_row][vc_column width=&#8220;2\/3&#8243;][vc_column_text] Das 1 x 1 der Kieferorthop\u00e4die Kieferorthop\u00e4die ist ein Teilgebiet der Zahnheilkunde, das sich mit der Behandlung von Gebiss- und Kieferfehlstellungen befasst. Kieferorthop\u00e4die heisst also Vorbeugung, Diagnostik und Therapie von Zahn- und Kieferfehlstellungen. Zahnfehlstellungen und Kiefergelenksprobleme k\u00f6nnen in jedem Alter behandelt werden. Die Z\u00e4hne werden im Zahnbogen korrekt eingestellt und die Lagebeziehung der&hellip;<\/p>\n","protected":false},"author":1,"featured_media":0,"parent":0,"menu_order":0,"comment_status":"closed","ping_status":"closed","template":"","meta":{"_acf_changed":false,"footnotes":""},"class_list":["post-5180","page","type-page","status-publish","hentry"],"acf":[],"_links":{"self":[{"href":"https:\/\/perfectsmile.ch\/index.php?rest_route=\/wp\/v2\/pages\/5180","targetHints":{"allow":["GET"]}}],"collection":[{"href":"https:\/\/perfectsmile.ch\/index.php?rest_route=\/wp\/v2\/pages"}],"about":[{"href":"https:\/\/perfectsmile.ch\/index.php?rest_route=\/wp\/v2\/types\/page"}],"author":[{"embeddable":true,"href":"https:\/\/perfectsmile.ch\/index.php?rest_route=\/wp\/v2\/users\/1"}],"replies":[{"embeddable":true,"href":"https:\/\/perfectsmile.ch\/index.php?rest_route=%2Fwp%2Fv2%2Fcomments&post=5180"}],"version-history":[{"count":10,"href":"https:\/\/perfectsmile.ch\/index.php?rest_route=\/wp\/v2\/pages\/5180\/revisions"}],"predecessor-version":[{"id":5393,"href":"https:\/\/perfectsmile.ch\/index.php?rest_route=\/wp\/v2\/pages\/5180\/revisions\/5393"}],"wp:attachment":[{"href":"https:\/\/perfectsmile.ch\/index.php?rest_route=%2Fwp%2Fv2%2Fmedia&parent=5180"}],"curies":[{"name":"wp","href":"https:\/\/api.w.org\/{rel}","templated":true}]}}