{"id":5188,"date":"2019-01-24T17:25:38","date_gmt":"2019-01-24T16:25:38","guid":{"rendered":"https:\/\/perfectsmile.ch\/?page_id=5188"},"modified":"2019-01-24T20:35:52","modified_gmt":"2019-01-24T19:35:52","slug":"kinderundjugendliche","status":"publish","type":"page","link":"https:\/\/perfectsmile.ch\/?page_id=5188","title":{"rendered":"Kinder und Jugendliche"},"content":{"rendered":"<div class=\"wpb-content-wrapper\"><p>[vc_row][vc_column width=&#8220;2\/3&#8243;][vc_column_text]<\/p>\r\n<h2 class=\"wp-block-heading\">Kinder und Jugendliche<\/h2>\r\n<p>\r\n\r\nDie erste kieferorthop\u00e4dische Untersuchung sollte so fr\u00fch wie m\u00f6glich stattfinden, damit bestimmte Fehlstellungen bereits in jungen Jahren behandelt werden k\u00f6nnen.<\/p>\r\n<p>\r\n\r\nBei M\u00e4dchen ist eine erste Untersuchung im Alter von 7 bis 10 Jahren, bei Jungen im Alter von 8 bis 11 Jahren zu empfehlen.<\/p>\r\n<p>&nbsp;<\/p>\r\n<h2 id=\"mce_19\"><a href=\"https:\/\/perfectsmile.ch\/\">\u2190 zur\u00fcck<\/a><\/h2>\r\n\r\n\r\n\r\n<p>[\/vc_column_text][\/vc_column][vc_column width=&#8220;1\/3&#8243;][\/vc_column][\/vc_row]<\/p><\/div>","protected":false},"excerpt":{"rendered":"<p>[vc_row][vc_column width=&#8220;2\/3&#8243;][vc_column_text] Kinder und Jugendliche Die erste kieferorthop\u00e4dische Untersuchung sollte so fr\u00fch wie m\u00f6glich stattfinden, damit bestimmte Fehlstellungen bereits in jungen Jahren behandelt werden k\u00f6nnen. Bei M\u00e4dchen ist eine erste Untersuchung im Alter von 7 bis 10 Jahren, bei Jungen im Alter von 8 bis 11 Jahren zu empfehlen. &nbsp; \u2190 zur\u00fcck [\/vc_column_text][\/vc_column][vc_column width=&#8220;1\/3&#8243;][\/vc_column][\/vc_row]<\/p>\n","protected":false},"author":1,"featured_media":0,"parent":0,"menu_order":0,"comment_status":"closed","ping_status":"closed","template":"","meta":{"_acf_changed":false,"footnotes":""},"class_list":["post-5188","page","type-page","status-publish","hentry"],"acf":[],"_links":{"self":[{"href":"https:\/\/perfectsmile.ch\/index.php?rest_route=\/wp\/v2\/pages\/5188","targetHints":{"allow":["GET"]}}],"collection":[{"href":"https:\/\/perfectsmile.ch\/index.php?rest_route=\/wp\/v2\/pages"}],"about":[{"href":"https:\/\/perfectsmile.ch\/index.php?rest_route=\/wp\/v2\/types\/page"}],"author":[{"embeddable":true,"href":"https:\/\/perfectsmile.ch\/index.php?rest_route=\/wp\/v2\/users\/1"}],"replies":[{"embeddable":true,"href":"https:\/\/perfectsmile.ch\/index.php?rest_route=%2Fwp%2Fv2%2Fcomments&post=5188"}],"version-history":[{"count":7,"href":"https:\/\/perfectsmile.ch\/index.php?rest_route=\/wp\/v2\/pages\/5188\/revisions"}],"predecessor-version":[{"id":5241,"href":"https:\/\/perfectsmile.ch\/index.php?rest_route=\/wp\/v2\/pages\/5188\/revisions\/5241"}],"wp:attachment":[{"href":"https:\/\/perfectsmile.ch\/index.php?rest_route=%2Fwp%2Fv2%2Fmedia&parent=5188"}],"curies":[{"name":"wp","href":"https:\/\/api.w.org\/{rel}","templated":true}]}}